{"id":19,"date":"2020-05-23T10:33:30","date_gmt":"2020-05-23T10:33:30","guid":{"rendered":"https:\/\/steelmettools.pl\/?page_id=19"},"modified":"2020-12-21T00:41:41","modified_gmt":"2020-12-20T23:41:41","slug":"kontakt","status":"publish","type":"page","link":"https:\/\/steelmettools.pl\/?page_id=19","title":{"rendered":"Kontakt"},"content":{"rendered":"<p>[et_pb_section fb_built=&#8221;1&#8243; _builder_version=&#8221;4.2.2&#8243;][et_pb_row column_structure=&#8221;1_3,1_3,1_3&#8243; _builder_version=&#8221;4.2.2&#8243;][et_pb_column type=&#8221;1_3&#8243; _builder_version=&#8221;4.2.2&#8243;][et_pb_toggle title=&#8221;Kontakt&#8221; open=&#8221;on&#8221; open_toggle_text_color=&#8221;#e02b20&#8243; closed_toggle_text_color=&#8221;#ffffff&#8221; _builder_version=&#8221;4.2.2&#8243; title_font=&#8221;Arial|||on|||||&#8221; title_font_size=&#8221;38px&#8221; title_letter_spacing=&#8221;2px&#8221; closed_title_font=&#8221;Arial||||||||&#8221; closed_title_font_size=&#8221;32px&#8221; body_font=&#8221;Arial||||||||&#8221; body_text_color=&#8221;#ffffff&#8221; body_font_size=&#8221;22px&#8221; background_color=&#8221;rgba(0,0,0,0.74)&#8221; min_height=&#8221;270px&#8221; title_font_size_tablet=&#8221;&#8221; title_font_size_phone=&#8221;30px&#8221; title_font_size_last_edited=&#8221;on|phone&#8221; body_font_size_tablet=&#8221;&#8221; body_font_size_phone=&#8221;17px&#8221; body_font_size_last_edited=&#8221;on|phone&#8221;]<\/p>\n<p><strong>Numer Telefonu:<\/strong><\/p>\n<ul>\n<li>730 904 624<\/li>\n<\/ul>\n<p><strong>Adres email:<\/strong><\/p>\n<p><span id=\"et-info-email\">\u00a0steelmettools@interia.pl<\/span><\/p>\n<p>[\/et_pb_toggle][\/et_pb_column][et_pb_column type=&#8221;1_3&#8243; _builder_version=&#8221;4.2.2&#8243;][et_pb_toggle title=&#8221;ZNAJD\u0179 NAS &#8221; open=&#8221;on&#8221; open_toggle_text_color=&#8221;#e02b20&#8243; closed_toggle_text_color=&#8221;#ffffff&#8221; _builder_version=&#8221;4.2.2&#8243; title_font=&#8221;Arial|||on|||||&#8221; title_font_size=&#8221;38px&#8221; title_letter_spacing=&#8221;2px&#8221; closed_title_font=&#8221;Arial||||||||&#8221; closed_title_font_size=&#8221;32px&#8221; body_font=&#8221;Arial||||||||&#8221; body_text_color=&#8221;#ffffff&#8221; body_font_size=&#8221;22px&#8221; background_color=&#8221;rgba(0,0,0,0.74)&#8221; min_height=&#8221;270px&#8221; title_font_size_tablet=&#8221;&#8221; title_font_size_phone=&#8221;30px&#8221; title_font_size_last_edited=&#8221;on|phone&#8221; body_font_size_tablet=&#8221;&#8221; body_font_size_phone=&#8221;17px&#8221; body_font_size_last_edited=&#8221;on|phone&#8221;]<\/p>\n<h4 class=\"title\"><\/h4>\n<div class=\"textwidget\">\n<p><strong>Adres:<\/strong><\/p>\n<p>43-190 Miko\u0142\u00f3w<\/p>\n<p>Ul. T. Ko\u015bciuszki 61<\/p>\n<\/div>\n<p>[\/et_pb_toggle][\/et_pb_column][et_pb_column type=&#8221;1_3&#8243; _builder_version=&#8221;4.2.2&#8243;][et_pb_toggle title=&#8221;GODZINY OTWARCIA&#8221; open=&#8221;on&#8221; open_toggle_text_color=&#8221;#e02b20&#8243; closed_toggle_text_color=&#8221;#ffffff&#8221; _builder_version=&#8221;4.2.2&#8243; title_font=&#8221;Arial|||on|||||&#8221; title_font_size=&#8221;38px&#8221; title_letter_spacing=&#8221;2px&#8221; closed_title_font=&#8221;Arial||||||||&#8221; closed_title_font_size=&#8221;32px&#8221; body_font=&#8221;Arial||||||||&#8221; body_text_color=&#8221;#ffffff&#8221; body_font_size=&#8221;22px&#8221; background_color=&#8221;rgba(0,0,0,0.74)&#8221; min_height=&#8221;270px&#8221; title_font_size_tablet=&#8221;&#8221; title_font_size_phone=&#8221;30px&#8221; title_font_size_last_edited=&#8221;on|phone&#8221; body_font_size_tablet=&#8221;&#8221; body_font_size_phone=&#8221;17px&#8221; body_font_size_last_edited=&#8221;on|phone&#8221;]<\/p>\n<p><strong>Zapraszamy:<\/strong><\/p>\n<p>w godzinach<strong><span>\u00a0<\/span>8-17<\/strong><\/p>\n<p>[\/et_pb_toggle][\/et_pb_column][\/et_pb_row][et_pb_row _builder_version=&#8221;4.2.2&#8243;][et_pb_column type=&#8221;4_4&#8243; _builder_version=&#8221;4.2.2&#8243;][et_pb_contact_form captcha=&#8221;off&#8221; email=&#8221;steelmettools@interia.pl&#8221; title=&#8221;Napisz do nas!!!&#8221; custom_message=&#8221;%%Message%% wys\u0142ano z strony steel-met&#8221; _builder_version=&#8221;4.2.2&#8243; form_field_background_color=&#8221;#ffffff&#8221; form_field_text_color=&#8221;#000000&#8243; title_font=&#8221;Arial|700|||||||&#8221; title_text_color=&#8221;#ffffff&#8221; title_font_size=&#8221;38px&#8221; form_field_font=&#8221;Arial||||||||&#8221; background_color=&#8221;rgba(0,0,0,0.74)&#8221; custom_button=&#8221;on&#8221; button_text_color=&#8221;#e02b20&#8243; button_bg_color=&#8221;rgba(0,0,0,0.36)&#8221; button_border_width=&#8221;6px&#8221; button_border_color=&#8221;#000000&#8243; button_font=&#8221;Arial||||||||&#8221; button_icon=&#8221;%%29%%&#8221; button_icon_color=&#8221;#000000&#8243;][et_pb_contact_field field_id=&#8221;Name&#8221; field_title=&#8221;Nazwa&#8221; _builder_version=&#8221;3.16&#8243; button_text_size__hover_enabled=&#8221;off&#8221; button_one_text_size__hover_enabled=&#8221;off&#8221; button_two_text_size__hover_enabled=&#8221;off&#8221; button_text_color__hover_enabled=&#8221;off&#8221; button_one_text_color__hover_enabled=&#8221;off&#8221; button_two_text_color__hover_enabled=&#8221;off&#8221; button_border_width__hover_enabled=&#8221;off&#8221; button_one_border_width__hover_enabled=&#8221;off&#8221; button_two_border_width__hover_enabled=&#8221;off&#8221; button_border_color__hover_enabled=&#8221;off&#8221; button_one_border_color__hover_enabled=&#8221;off&#8221; button_two_border_color__hover_enabled=&#8221;off&#8221; button_border_radius__hover_enabled=&#8221;off&#8221; button_one_border_radius__hover_enabled=&#8221;off&#8221; button_two_border_radius__hover_enabled=&#8221;off&#8221; button_letter_spacing__hover_enabled=&#8221;off&#8221; button_one_letter_spacing__hover_enabled=&#8221;off&#8221; button_two_letter_spacing__hover_enabled=&#8221;off&#8221; button_bg_color__hover_enabled=&#8221;off&#8221; button_one_bg_color__hover_enabled=&#8221;off&#8221; button_two_bg_color__hover_enabled=&#8221;off&#8221;][\/et_pb_contact_field][et_pb_contact_field field_id=&#8221;Email&#8221; field_title=&#8221;Adres e-mail &#8221; field_type=&#8221;email&#8221; _builder_version=&#8221;4.2.2&#8243; button_text_size__hover_enabled=&#8221;off&#8221; button_one_text_size__hover_enabled=&#8221;off&#8221; button_two_text_size__hover_enabled=&#8221;off&#8221; button_text_color__hover_enabled=&#8221;off&#8221; button_one_text_color__hover_enabled=&#8221;off&#8221; button_two_text_color__hover_enabled=&#8221;off&#8221; button_border_width__hover_enabled=&#8221;off&#8221; button_one_border_width__hover_enabled=&#8221;off&#8221; button_two_border_width__hover_enabled=&#8221;off&#8221; button_border_color__hover_enabled=&#8221;off&#8221; button_one_border_color__hover_enabled=&#8221;off&#8221; button_two_border_color__hover_enabled=&#8221;off&#8221; button_border_radius__hover_enabled=&#8221;off&#8221; button_one_border_radius__hover_enabled=&#8221;off&#8221; button_two_border_radius__hover_enabled=&#8221;off&#8221; button_letter_spacing__hover_enabled=&#8221;off&#8221; button_one_letter_spacing__hover_enabled=&#8221;off&#8221; button_two_letter_spacing__hover_enabled=&#8221;off&#8221; button_bg_color__hover_enabled=&#8221;off&#8221; button_one_bg_color__hover_enabled=&#8221;off&#8221; button_two_bg_color__hover_enabled=&#8221;off&#8221;][\/et_pb_contact_field][et_pb_contact_field field_id=&#8221;Message&#8221; field_title=&#8221;Wiadomo\u015b\u0107&#8221; field_type=&#8221;text&#8221; fullwidth_field=&#8221;on&#8221; _builder_version=&#8221;3.16&#8243; button_text_size__hover_enabled=&#8221;off&#8221; button_one_text_size__hover_enabled=&#8221;off&#8221; button_two_text_size__hover_enabled=&#8221;off&#8221; button_text_color__hover_enabled=&#8221;off&#8221; button_one_text_color__hover_enabled=&#8221;off&#8221; button_two_text_color__hover_enabled=&#8221;off&#8221; button_border_width__hover_enabled=&#8221;off&#8221; button_one_border_width__hover_enabled=&#8221;off&#8221; button_two_border_width__hover_enabled=&#8221;off&#8221; button_border_color__hover_enabled=&#8221;off&#8221; button_one_border_color__hover_enabled=&#8221;off&#8221; button_two_border_color__hover_enabled=&#8221;off&#8221; button_border_radius__hover_enabled=&#8221;off&#8221; button_one_border_radius__hover_enabled=&#8221;off&#8221; button_two_border_radius__hover_enabled=&#8221;off&#8221; button_letter_spacing__hover_enabled=&#8221;off&#8221; button_one_letter_spacing__hover_enabled=&#8221;off&#8221; button_two_letter_spacing__hover_enabled=&#8221;off&#8221; button_bg_color__hover_enabled=&#8221;off&#8221; button_one_bg_color__hover_enabled=&#8221;off&#8221; button_two_bg_color__hover_enabled=&#8221;off&#8221;][\/et_pb_contact_field][\/et_pb_contact_form][\/et_pb_column][\/et_pb_row][\/et_pb_section][et_pb_section fb_built=&#8221;1&#8243; fullwidth=&#8221;on&#8221; _builder_version=&#8221;4.2.2&#8243;][et_pb_fullwidth_code _builder_version=&#8221;4.7.7&#8243; _module_preset=&#8221;default&#8221; hover_enabled=&#8221;0&#8243; sticky_enabled=&#8221;0&#8243;]<iframe loading=\"lazy\" src=\"https:\/\/www.google.com\/maps\/embed?pb=!1m18!1m12!1m3!1d2554.482459352232!2d18.90928161560575!3d50.189512179440186!2m3!1f0!2f0!3f0!3m2!1i1024!2i768!4f13.1!3m3!1m2!1s0x4716cb60c2572aeb%3A0x794a28eb7ab62b51!2sSTEEL-MET%20TOOLS%20Producent%20no%C5%BCy%20przemys%C5%82owych!5e0!3m2!1spl!2spl!4v1608507656182!5m2!1spl!2spl\" width=\"100%\" height=\"450\" frameborder=\"0\" style=\"border:0;\" allowfullscreen=\"\" aria-hidden=\"false\" tabindex=\"0\"><\/iframe>[\/et_pb_fullwidth_code][\/et_pb_section]<\/p>\n","protected":false},"excerpt":{"rendered":"<p>Numer Telefonu: 730 904 624 Adres email: \u00a0steelmettools@interia.pl Adres: 43-190 Miko\u0142\u00f3w Ul. T. Ko\u015bciuszki 61 Zapraszamy: w godzinach\u00a08-17<\/p>\n","protected":false},"author":3,"featured_media":0,"parent":0,"menu_order":0,"comment_status":"closed","ping_status":"closed","template":"","meta":{"_et_pb_use_builder":"on","_et_pb_old_content":"<!-- wp:divi\/placeholder \/-->","_et_gb_content_width":"","footnotes":""},"class_list":["post-19","page","type-page","status-publish","hentry"],"yoast_head":"<!-- This site is optimized with the Yoast SEO plugin v25.2 - https:\/\/yoast.com\/wordpress\/plugins\/seo\/ -->\n<title>Kontakt - STEEL-MET TOOLS - Miko\u0142\u00f3w - 730 904 624<\/title>\n<meta name=\"description\" content=\"43-190 Miko\u0142\u00f3w Ul. T. Ko\u015bciuszki 61 - Numer Telefonu:730 904 624 - Adres email: steelmettools@interia.pl - GODZINY OTWARCIA: Zapraszamy:w godzinach 8-17\" \/>\n<meta name=\"robots\" content=\"index, follow, max-snippet:-1, max-image-preview:large, max-video-preview:-1\" \/>\n<link rel=\"canonical\" href=\"https:\/\/steelmettools.pl\/?page_id=19\" \/>\n<meta property=\"og:locale\" content=\"pl_PL\" \/>\n<meta property=\"og:type\" content=\"article\" \/>\n<meta property=\"og:title\" content=\"Kontakt - STEEL-MET TOOLS - Miko\u0142\u00f3w - 730 904 624\" \/>\n<meta property=\"og:description\" content=\"43-190 Miko\u0142\u00f3w Ul. T. Ko\u015bciuszki 61 - Numer Telefonu:730 904 624 - Adres email: steelmettools@interia.pl - GODZINY OTWARCIA: Zapraszamy:w godzinach 8-17\" \/>\n<meta property=\"og:url\" content=\"https:\/\/steelmettools.pl\/?page_id=19\" \/>\n<meta property=\"og:site_name\" content=\"STEEL-MET TOOLS\" \/>\n<meta property=\"article:modified_time\" content=\"2020-12-20T23:41:41+00:00\" \/>\n<meta name=\"twitter:card\" content=\"summary_large_image\" \/>\n<meta name=\"twitter:label1\" content=\"Szacowany czas czytania\" \/>\n\t<meta name=\"twitter:data1\" content=\"5 minut\" \/>\n<script type=\"application\/ld+json\" class=\"yoast-schema-graph\">{\"@context\":\"https:\/\/schema.org\",\"@graph\":[{\"@type\":\"WebPage\",\"@id\":\"https:\/\/steelmettools.pl\/?page_id=19\",\"url\":\"https:\/\/steelmettools.pl\/?page_id=19\",\"name\":\"Kontakt - STEEL-MET TOOLS - Miko\u0142\u00f3w - 730 904 624\",\"isPartOf\":{\"@id\":\"https:\/\/steelmettools.pl\/#website\"},\"datePublished\":\"2020-05-23T10:33:30+00:00\",\"dateModified\":\"2020-12-20T23:41:41+00:00\",\"description\":\"43-190 Miko\u0142\u00f3w Ul. T. Ko\u015bciuszki 61 - Numer Telefonu:730 904 624 - Adres email: steelmettools@interia.pl - GODZINY OTWARCIA: Zapraszamy:w godzinach 8-17\",\"breadcrumb\":{\"@id\":\"https:\/\/steelmettools.pl\/?page_id=19#breadcrumb\"},\"inLanguage\":\"pl-PL\",\"potentialAction\":[{\"@type\":\"ReadAction\",\"target\":[\"https:\/\/steelmettools.pl\/?page_id=19\"]}]},{\"@type\":\"BreadcrumbList\",\"@id\":\"https:\/\/steelmettools.pl\/?page_id=19#breadcrumb\",\"itemListElement\":[{\"@type\":\"ListItem\",\"position\":1,\"name\":\"Strona g\u0142\u00f3wna\",\"item\":\"https:\/\/steelmettools.pl\/\"},{\"@type\":\"ListItem\",\"position\":2,\"name\":\"Kontakt\"}]},{\"@type\":\"WebSite\",\"@id\":\"https:\/\/steelmettools.pl\/#website\",\"url\":\"https:\/\/steelmettools.pl\/\",\"name\":\"STEEL-MET TOOLS\",\"description\":\"Producent no\u017cy przemys\u0142owych\",\"potentialAction\":[{\"@type\":\"SearchAction\",\"target\":{\"@type\":\"EntryPoint\",\"urlTemplate\":\"https:\/\/steelmettools.pl\/?s={search_term_string}\"},\"query-input\":{\"@type\":\"PropertyValueSpecification\",\"valueRequired\":true,\"valueName\":\"search_term_string\"}}],\"inLanguage\":\"pl-PL\"}]}<\/script>\n<!-- \/ Yoast SEO plugin. -->","yoast_head_json":{"title":"Kontakt - STEEL-MET TOOLS - Miko\u0142\u00f3w - 730 904 624","description":"43-190 Miko\u0142\u00f3w Ul. T. Ko\u015bciuszki 61 - Numer Telefonu:730 904 624 - Adres email: steelmettools@interia.pl - GODZINY OTWARCIA: Zapraszamy:w godzinach 8-17","robots":{"index":"index","follow":"follow","max-snippet":"max-snippet:-1","max-image-preview":"max-image-preview:large","max-video-preview":"max-video-preview:-1"},"canonical":"https:\/\/steelmettools.pl\/?page_id=19","og_locale":"pl_PL","og_type":"article","og_title":"Kontakt - STEEL-MET TOOLS - Miko\u0142\u00f3w - 730 904 624","og_description":"43-190 Miko\u0142\u00f3w Ul. T. Ko\u015bciuszki 61 - Numer Telefonu:730 904 624 - Adres email: steelmettools@interia.pl - GODZINY OTWARCIA: Zapraszamy:w godzinach 8-17","og_url":"https:\/\/steelmettools.pl\/?page_id=19","og_site_name":"STEEL-MET TOOLS","article_modified_time":"2020-12-20T23:41:41+00:00","twitter_card":"summary_large_image","twitter_misc":{"Szacowany czas czytania":"5 minut"},"schema":{"@context":"https:\/\/schema.org","@graph":[{"@type":"WebPage","@id":"https:\/\/steelmettools.pl\/?page_id=19","url":"https:\/\/steelmettools.pl\/?page_id=19","name":"Kontakt - STEEL-MET TOOLS - Miko\u0142\u00f3w - 730 904 624","isPartOf":{"@id":"https:\/\/steelmettools.pl\/#website"},"datePublished":"2020-05-23T10:33:30+00:00","dateModified":"2020-12-20T23:41:41+00:00","description":"43-190 Miko\u0142\u00f3w Ul. T. Ko\u015bciuszki 61 - Numer Telefonu:730 904 624 - Adres email: steelmettools@interia.pl - GODZINY OTWARCIA: Zapraszamy:w godzinach 8-17","breadcrumb":{"@id":"https:\/\/steelmettools.pl\/?page_id=19#breadcrumb"},"inLanguage":"pl-PL","potentialAction":[{"@type":"ReadAction","target":["https:\/\/steelmettools.pl\/?page_id=19"]}]},{"@type":"BreadcrumbList","@id":"https:\/\/steelmettools.pl\/?page_id=19#breadcrumb","itemListElement":[{"@type":"ListItem","position":1,"name":"Strona g\u0142\u00f3wna","item":"https:\/\/steelmettools.pl\/"},{"@type":"ListItem","position":2,"name":"Kontakt"}]},{"@type":"WebSite","@id":"https:\/\/steelmettools.pl\/#website","url":"https:\/\/steelmettools.pl\/","name":"STEEL-MET TOOLS","description":"Producent no\u017cy przemys\u0142owych","potentialAction":[{"@type":"SearchAction","target":{"@type":"EntryPoint","urlTemplate":"https:\/\/steelmettools.pl\/?s={search_term_string}"},"query-input":{"@type":"PropertyValueSpecification","valueRequired":true,"valueName":"search_term_string"}}],"inLanguage":"pl-PL"}]}},"_links":{"self":[{"href":"https:\/\/steelmettools.pl\/index.php?rest_route=\/wp\/v2\/pages\/19","targetHints":{"allow":["GET"]}}],"collection":[{"href":"https:\/\/steelmettools.pl\/index.php?rest_route=\/wp\/v2\/pages"}],"about":[{"href":"https:\/\/steelmettools.pl\/index.php?rest_route=\/wp\/v2\/types\/page"}],"author":[{"embeddable":true,"href":"https:\/\/steelmettools.pl\/index.php?rest_route=\/wp\/v2\/users\/3"}],"replies":[{"embeddable":true,"href":"https:\/\/steelmettools.pl\/index.php?rest_route=%2Fwp%2Fv2%2Fcomments&post=19"}],"version-history":[{"count":23,"href":"https:\/\/steelmettools.pl\/index.php?rest_route=\/wp\/v2\/pages\/19\/revisions"}],"predecessor-version":[{"id":506,"href":"https:\/\/steelmettools.pl\/index.php?rest_route=\/wp\/v2\/pages\/19\/revisions\/506"}],"wp:attachment":[{"href":"https:\/\/steelmettools.pl\/index.php?rest_route=%2Fwp%2Fv2%2Fmedia&parent=19"}],"curies":[{"name":"wp","href":"https:\/\/api.w.org\/{rel}","templated":true}]}}