{"id":123,"date":"2020-06-18T14:19:10","date_gmt":"2020-06-18T14:19:10","guid":{"rendered":"https:\/\/steelmettools.pl\/?page_id=123"},"modified":"2020-07-20T17:52:56","modified_gmt":"2020-07-20T17:52:56","slug":"przemysl-recyklingu","status":"publish","type":"page","link":"https:\/\/steelmettools.pl\/?page_id=123","title":{"rendered":"Przemys\u0142 recyklingu"},"content":{"rendered":"\n[et_pb_section fb_built=&#8221;1&#8243; _builder_version=&#8221;4.2.2&#8243;][et_pb_row _builder_version=&#8221;4.2.2&#8243;][et_pb_column type=&#8221;4_4&#8243; _builder_version=&#8221;4.2.2&#8243;][et_pb_toggle title=&#8221;PRZEMYS\u0141 RECYKLINGU&#8221; open=&#8221;on&#8221; open_toggle_text_color=&#8221;#e02b20&#8243; open_toggle_background_color=&#8221;rgba(0,0,0,0)&#8221; closed_toggle_text_color=&#8221;#e02b20&#8243; _builder_version=&#8221;4.2.2&#8243; title_level=&#8221;h2&#8243; title_font=&#8221;Arial|600|||||||&#8221; title_font_size=&#8221;34px&#8221; closed_title_font=&#8221;Sansita|700|||||||&#8221; body_font=&#8221;Arial|700|||||||&#8221; body_text_align=&#8221;left&#8221; body_font_size=&#8221;25px&#8221; text_orientation=&#8221;center&#8221; hover_enabled=&#8221;0&#8243; title_font_size_tablet=&#8221;&#8221; title_font_size_phone=&#8221;28px&#8221; title_font_size_last_edited=&#8221;on|phone&#8221; closed_title_font_tablet=&#8221;&#8221; closed_title_font_phone=&#8221;&#8221; closed_title_font_last_edited=&#8221;on|desktop&#8221; body_font_size_tablet=&#8221;&#8221; body_font_size_phone=&#8221;&#8221; body_font_size_last_edited=&#8221;on|phone&#8221; locked=&#8221;off&#8221;]<ul>\n<li>no\u017ce do granulator\u00f3w<\/li>\n<li>no\u017ce koronkowe<\/li>\n<li>przeciwno\u017ce z\u0119bate<\/li>\n<li>no\u017ce blokowe<\/li>\n<li>no\u017ce do rozdrabniania z\u0142omu<\/li>\n<li>no\u017ce do ci\u0119cia folii<\/li>\n<li>no\u017ce do kruszarki<\/li>\n<li>przeciwno\u017ce<\/li>\n<li>no\u017ce rozdrabniaj\u0105ce<\/li>\n<li>no\u017ce do m\u0142yn\u00f3w<\/li>\n<li>no\u017ce grzebieniowe<\/li>\n<\/ul>[\/et_pb_toggle][\/et_pb_column][\/et_pb_row][\/et_pb_section]\n","protected":false},"excerpt":{"rendered":"<p>no\u017ce do granulator\u00f3w no\u017ce koronkowe przeciwno\u017ce z\u0119bate no\u017ce blokowe no\u017ce do rozdrabniania z\u0142omu no\u017ce do ci\u0119cia folii no\u017ce do kruszarki przeciwno\u017ce no\u017ce rozdrabniaj\u0105ce no\u017ce do m\u0142yn\u00f3w no\u017ce grzebieniowe<\/p>\n","protected":false},"author":3,"featured_media":0,"parent":13,"menu_order":0,"comment_status":"closed","ping_status":"closed","template":"","meta":{"_et_pb_use_builder":"on","_et_pb_old_content":"<!-- wp:divi\/placeholder \/-->","_et_gb_content_width":"","footnotes":""},"class_list":["post-123","page","type-page","status-publish","hentry"],"yoast_head":"<!-- This site is optimized with the Yoast SEO plugin v25.2 - https:\/\/yoast.com\/wordpress\/plugins\/seo\/ -->\n<title>Przemys\u0142 recyklingu - STEEL-MET TOOLS<\/title>\n<meta name=\"description\" content=\"STEEL-MET TOOLS - no\u017ce do granulator\u00f3w - no\u017ce koronkowe - przeciwno\u017ce z\u0119bate - no\u017ce blokowe - no\u017ce do rozdrabniania z\u0142omu - no\u017ce do ci\u0119cia folii\" \/>\n<meta name=\"robots\" content=\"index, follow, max-snippet:-1, max-image-preview:large, max-video-preview:-1\" \/>\n<link rel=\"canonical\" href=\"https:\/\/steelmettools.pl\/?page_id=123\" \/>\n<meta property=\"og:locale\" content=\"pl_PL\" \/>\n<meta property=\"og:type\" content=\"article\" \/>\n<meta property=\"og:title\" content=\"Przemys\u0142 recyklingu - STEEL-MET TOOLS\" \/>\n<meta property=\"og:description\" content=\"STEEL-MET TOOLS - no\u017ce do granulator\u00f3w - no\u017ce koronkowe - przeciwno\u017ce z\u0119bate - no\u017ce blokowe - no\u017ce do rozdrabniania z\u0142omu - no\u017ce do ci\u0119cia folii\" \/>\n<meta property=\"og:url\" content=\"https:\/\/steelmettools.pl\/?page_id=123\" \/>\n<meta property=\"og:site_name\" content=\"STEEL-MET TOOLS\" \/>\n<meta property=\"article:modified_time\" content=\"2020-07-20T17:52:56+00:00\" \/>\n<meta name=\"twitter:card\" content=\"summary_large_image\" \/>\n<meta name=\"twitter:label1\" content=\"Szacowany czas czytania\" \/>\n\t<meta name=\"twitter:data1\" content=\"1 minuta\" \/>\n<script type=\"application\/ld+json\" class=\"yoast-schema-graph\">{\"@context\":\"https:\/\/schema.org\",\"@graph\":[{\"@type\":\"WebPage\",\"@id\":\"https:\/\/steelmettools.pl\/?page_id=123\",\"url\":\"https:\/\/steelmettools.pl\/?page_id=123\",\"name\":\"Przemys\u0142 recyklingu - STEEL-MET TOOLS\",\"isPartOf\":{\"@id\":\"https:\/\/steelmettools.pl\/#website\"},\"datePublished\":\"2020-06-18T14:19:10+00:00\",\"dateModified\":\"2020-07-20T17:52:56+00:00\",\"description\":\"STEEL-MET TOOLS - no\u017ce do granulator\u00f3w - no\u017ce koronkowe - przeciwno\u017ce z\u0119bate - no\u017ce blokowe - no\u017ce do rozdrabniania z\u0142omu - no\u017ce do ci\u0119cia folii\",\"breadcrumb\":{\"@id\":\"https:\/\/steelmettools.pl\/?page_id=123#breadcrumb\"},\"inLanguage\":\"pl-PL\",\"potentialAction\":[{\"@type\":\"ReadAction\",\"target\":[\"https:\/\/steelmettools.pl\/?page_id=123\"]}]},{\"@type\":\"BreadcrumbList\",\"@id\":\"https:\/\/steelmettools.pl\/?page_id=123#breadcrumb\",\"itemListElement\":[{\"@type\":\"ListItem\",\"position\":1,\"name\":\"Strona g\u0142\u00f3wna\",\"item\":\"https:\/\/steelmettools.pl\/\"},{\"@type\":\"ListItem\",\"position\":2,\"name\":\"Produkty\",\"item\":\"https:\/\/steelmettools.pl\/?page_id=13\"},{\"@type\":\"ListItem\",\"position\":3,\"name\":\"Przemys\u0142 recyklingu\"}]},{\"@type\":\"WebSite\",\"@id\":\"https:\/\/steelmettools.pl\/#website\",\"url\":\"https:\/\/steelmettools.pl\/\",\"name\":\"STEEL-MET TOOLS\",\"description\":\"Producent no\u017cy przemys\u0142owych\",\"potentialAction\":[{\"@type\":\"SearchAction\",\"target\":{\"@type\":\"EntryPoint\",\"urlTemplate\":\"https:\/\/steelmettools.pl\/?s={search_term_string}\"},\"query-input\":{\"@type\":\"PropertyValueSpecification\",\"valueRequired\":true,\"valueName\":\"search_term_string\"}}],\"inLanguage\":\"pl-PL\"}]}<\/script>\n<!-- \/ Yoast SEO plugin. -->","yoast_head_json":{"title":"Przemys\u0142 recyklingu - STEEL-MET TOOLS","description":"STEEL-MET TOOLS - no\u017ce do granulator\u00f3w - no\u017ce koronkowe - przeciwno\u017ce z\u0119bate - no\u017ce blokowe - no\u017ce do rozdrabniania z\u0142omu - no\u017ce do ci\u0119cia folii","robots":{"index":"index","follow":"follow","max-snippet":"max-snippet:-1","max-image-preview":"max-image-preview:large","max-video-preview":"max-video-preview:-1"},"canonical":"https:\/\/steelmettools.pl\/?page_id=123","og_locale":"pl_PL","og_type":"article","og_title":"Przemys\u0142 recyklingu - STEEL-MET TOOLS","og_description":"STEEL-MET TOOLS - no\u017ce do granulator\u00f3w - no\u017ce koronkowe - przeciwno\u017ce z\u0119bate - no\u017ce blokowe - no\u017ce do rozdrabniania z\u0142omu - no\u017ce do ci\u0119cia folii","og_url":"https:\/\/steelmettools.pl\/?page_id=123","og_site_name":"STEEL-MET TOOLS","article_modified_time":"2020-07-20T17:52:56+00:00","twitter_card":"summary_large_image","twitter_misc":{"Szacowany czas czytania":"1 minuta"},"schema":{"@context":"https:\/\/schema.org","@graph":[{"@type":"WebPage","@id":"https:\/\/steelmettools.pl\/?page_id=123","url":"https:\/\/steelmettools.pl\/?page_id=123","name":"Przemys\u0142 recyklingu - STEEL-MET TOOLS","isPartOf":{"@id":"https:\/\/steelmettools.pl\/#website"},"datePublished":"2020-06-18T14:19:10+00:00","dateModified":"2020-07-20T17:52:56+00:00","description":"STEEL-MET TOOLS - no\u017ce do granulator\u00f3w - no\u017ce koronkowe - przeciwno\u017ce z\u0119bate - no\u017ce blokowe - no\u017ce do rozdrabniania z\u0142omu - no\u017ce do ci\u0119cia folii","breadcrumb":{"@id":"https:\/\/steelmettools.pl\/?page_id=123#breadcrumb"},"inLanguage":"pl-PL","potentialAction":[{"@type":"ReadAction","target":["https:\/\/steelmettools.pl\/?page_id=123"]}]},{"@type":"BreadcrumbList","@id":"https:\/\/steelmettools.pl\/?page_id=123#breadcrumb","itemListElement":[{"@type":"ListItem","position":1,"name":"Strona g\u0142\u00f3wna","item":"https:\/\/steelmettools.pl\/"},{"@type":"ListItem","position":2,"name":"Produkty","item":"https:\/\/steelmettools.pl\/?page_id=13"},{"@type":"ListItem","position":3,"name":"Przemys\u0142 recyklingu"}]},{"@type":"WebSite","@id":"https:\/\/steelmettools.pl\/#website","url":"https:\/\/steelmettools.pl\/","name":"STEEL-MET TOOLS","description":"Producent no\u017cy przemys\u0142owych","potentialAction":[{"@type":"SearchAction","target":{"@type":"EntryPoint","urlTemplate":"https:\/\/steelmettools.pl\/?s={search_term_string}"},"query-input":{"@type":"PropertyValueSpecification","valueRequired":true,"valueName":"search_term_string"}}],"inLanguage":"pl-PL"}]}},"_links":{"self":[{"href":"https:\/\/steelmettools.pl\/index.php?rest_route=\/wp\/v2\/pages\/123","targetHints":{"allow":["GET"]}}],"collection":[{"href":"https:\/\/steelmettools.pl\/index.php?rest_route=\/wp\/v2\/pages"}],"about":[{"href":"https:\/\/steelmettools.pl\/index.php?rest_route=\/wp\/v2\/types\/page"}],"author":[{"embeddable":true,"href":"https:\/\/steelmettools.pl\/index.php?rest_route=\/wp\/v2\/users\/3"}],"replies":[{"embeddable":true,"href":"https:\/\/steelmettools.pl\/index.php?rest_route=%2Fwp%2Fv2%2Fcomments&post=123"}],"version-history":[{"count":10,"href":"https:\/\/steelmettools.pl\/index.php?rest_route=\/wp\/v2\/pages\/123\/revisions"}],"predecessor-version":[{"id":492,"href":"https:\/\/steelmettools.pl\/index.php?rest_route=\/wp\/v2\/pages\/123\/revisions\/492"}],"up":[{"embeddable":true,"href":"https:\/\/steelmettools.pl\/index.php?rest_route=\/wp\/v2\/pages\/13"}],"wp:attachment":[{"href":"https:\/\/steelmettools.pl\/index.php?rest_route=%2Fwp%2Fv2%2Fmedia&parent=123"}],"curies":[{"name":"wp","href":"https:\/\/api.w.org\/{rel}","templated":true}]}}